{"id":87,"date":"2020-02-06T09:06:18","date_gmt":"2020-02-06T09:06:18","guid":{"rendered":"https:\/\/litho.themezaa.com\/?page_id=87"},"modified":"2026-02-02T11:25:06","modified_gmt":"2026-02-02T10:25:06","slug":"nosotros","status":"publish","type":"page","link":"https:\/\/californiajeans.es\/es\/nosotros\/","title":{"rendered":"Nosotros"},"content":{"rendered":"\t\t<div data-elementor-type=\"wp-page\" data-elementor-id=\"87\" class=\"elementor elementor-87\">\n\t\t\t\t<div class=\"elementor-element elementor-element-c01c4a1 e-con-full e-flex e-con e-parent\" data-id=\"c01c4a1\" data-element_type=\"container\" data-settings=\"{&quot;background_background&quot;:&quot;classic&quot;}\">\n\t\t<div class=\"elementor-element elementor-element-dd8068c e-con-full e-flex e-con e-child\" data-id=\"dd8068c\" data-element_type=\"container\">\n\t\t\t\t<div class=\"elementor-element elementor-element-a95db5e elementor-widget elementor-widget-litho-heading\" data-id=\"a95db5e\" data-element_type=\"widget\" data-widget_type=\"litho-heading.default\">\n\t\t\t\t<div class=\"elementor-widget-container\">\n\t\t\t\t\t<p class=\"litho-heading elementor-size-default\"><span class=\"litho-primary-title\">Sobre Nosotros<\/span><span class=\"litho-secondary-title\">Trayectoria y estilo desde 1993<\/span><\/p>\t\t\t\t<\/div>\n\t\t\t\t<\/div>\n\t\t\t\t<div class=\"elementor-element elementor-element-c488497 elementor-widget elementor-widget-text-editor\" data-id=\"c488497\" data-element_type=\"widget\" data-widget_type=\"text-editor.default\">\n\t\t\t\t<div class=\"elementor-widget-container\">\n\t\t\t\t\t\t\t\t\t<p>California Jeans se funda en 1993 con la apertura de nuestra primera tienda en la calle Sant Cugat Matar\u00f3. Este primer paso represent\u00f3 la consolidaci\u00f3n de nuestra trayectoria en el sector, apoyada en la experiencia adquirida en a\u00f1os anteriores con una propuesta renovada y un enfoque diferencial.<\/p>\t\t\t\t\t\t\t\t<\/div>\n\t\t\t\t<\/div>\n\t\t\t\t<div class=\"elementor-element elementor-element-8a481af elementor-hidden-desktop elementor-widget elementor-widget-image\" data-id=\"8a481af\" data-element_type=\"widget\" data-widget_type=\"image.default\">\n\t\t\t\t<div class=\"elementor-widget-container\">\n\t\t\t\t\t\t\t\t\t\t\t\t\t\t\t<img fetchpriority=\"high\" decoding=\"async\" width=\"768\" height=\"831\" src=\"https:\/\/californiajeans.es\/wp-content\/uploads\/2026\/01\/nosotros_01.jpg\" class=\"attachment-full size-full wp-image-76760\" alt=\"\" srcset=\"https:\/\/californiajeans.es\/wp-content\/uploads\/2026\/01\/nosotros_01.jpg 768w, https:\/\/californiajeans.es\/wp-content\/uploads\/2026\/01\/nosotros_01-277x300.jpg 277w, https:\/\/californiajeans.es\/wp-content\/uploads\/2026\/01\/nosotros_01-200x216.jpg 200w\" sizes=\"(max-width: 768px) 100vw, 768px\" \/>\t\t\t\t\t\t\t\t\t\t\t\t\t\t\t<\/div>\n\t\t\t\t<\/div>\n\t\t\t\t<div class=\"elementor-element elementor-element-246b337 elementor-hidden-desktop elementor-widget elementor-widget-image\" data-id=\"246b337\" data-element_type=\"widget\" data-widget_type=\"image.default\">\n\t\t\t\t<div class=\"elementor-widget-container\">\n\t\t\t\t\t\t\t\t\t\t\t\t\t\t\t<img decoding=\"async\" width=\"768\" height=\"1339\" src=\"https:\/\/californiajeans.es\/wp-content\/uploads\/2026\/01\/nosotros_02.jpg\" class=\"attachment-full size-full wp-image-76762\" alt=\"\" srcset=\"https:\/\/californiajeans.es\/wp-content\/uploads\/2026\/01\/nosotros_02.jpg 768w, https:\/\/californiajeans.es\/wp-content\/uploads\/2026\/01\/nosotros_02-172x300.jpg 172w, https:\/\/californiajeans.es\/wp-content\/uploads\/2026\/01\/nosotros_02-587x1024.jpg 587w, https:\/\/californiajeans.es\/wp-content\/uploads\/2026\/01\/nosotros_02-200x349.jpg 200w\" sizes=\"(max-width: 768px) 100vw, 768px\" \/>\t\t\t\t\t\t\t\t\t\t\t\t\t\t\t<\/div>\n\t\t\t\t<\/div>\n\t\t\t\t<\/div>\n\t\t<div class=\"elementor-element elementor-element-db523b9 e-con-full elementor-hidden-tablet elementor-hidden-mobile e-flex e-con e-child\" data-id=\"db523b9\" data-element_type=\"container\" data-settings=\"{&quot;position&quot;:&quot;absolute&quot;}\">\n\t\t\t\t<div class=\"elementor-element elementor-element-d960e2f elementor-widget elementor-widget-image\" data-id=\"d960e2f\" data-element_type=\"widget\" data-widget_type=\"image.default\">\n\t\t\t\t<div class=\"elementor-widget-container\">\n\t\t\t\t\t\t\t\t\t\t\t\t\t\t\t<img fetchpriority=\"high\" decoding=\"async\" width=\"768\" height=\"831\" src=\"https:\/\/californiajeans.es\/wp-content\/uploads\/2026\/01\/nosotros_01.jpg\" class=\"attachment-full size-full wp-image-76760\" alt=\"\" srcset=\"https:\/\/californiajeans.es\/wp-content\/uploads\/2026\/01\/nosotros_01.jpg 768w, https:\/\/californiajeans.es\/wp-content\/uploads\/2026\/01\/nosotros_01-277x300.jpg 277w, https:\/\/californiajeans.es\/wp-content\/uploads\/2026\/01\/nosotros_01-200x216.jpg 200w\" sizes=\"(max-width: 768px) 100vw, 768px\" \/>\t\t\t\t\t\t\t\t\t\t\t\t\t\t\t<\/div>\n\t\t\t\t<\/div>\n\t\t\t\t<\/div>\n\t\t<div class=\"elementor-element elementor-element-37f2684 e-con-full elementor-hidden-tablet elementor-hidden-mobile e-flex e-con e-child\" data-id=\"37f2684\" data-element_type=\"container\">\n\t\t\t\t<div class=\"elementor-element elementor-element-9e69e00 elementor-widget elementor-widget-image\" data-id=\"9e69e00\" data-element_type=\"widget\" data-widget_type=\"image.default\">\n\t\t\t\t<div class=\"elementor-widget-container\">\n\t\t\t\t\t\t\t\t\t\t\t\t\t\t\t<img decoding=\"async\" width=\"768\" height=\"1339\" src=\"https:\/\/californiajeans.es\/wp-content\/uploads\/2026\/01\/nosotros_02.jpg\" class=\"attachment-full size-full wp-image-76762\" alt=\"\" srcset=\"https:\/\/californiajeans.es\/wp-content\/uploads\/2026\/01\/nosotros_02.jpg 768w, https:\/\/californiajeans.es\/wp-content\/uploads\/2026\/01\/nosotros_02-172x300.jpg 172w, https:\/\/californiajeans.es\/wp-content\/uploads\/2026\/01\/nosotros_02-587x1024.jpg 587w, https:\/\/californiajeans.es\/wp-content\/uploads\/2026\/01\/nosotros_02-200x349.jpg 200w\" sizes=\"(max-width: 768px) 100vw, 768px\" \/>\t\t\t\t\t\t\t\t\t\t\t\t\t\t\t<\/div>\n\t\t\t\t<\/div>\n\t\t\t\t<\/div>\n\t\t\t\t<\/div>\n\t\t<div class=\"elementor-element elementor-element-26b1fbe e-con-full e-flex e-con e-parent\" data-id=\"26b1fbe\" data-element_type=\"container\" data-settings=\"{&quot;background_background&quot;:&quot;classic&quot;}\">\n\t\t<div class=\"elementor-element elementor-element-8ca15da e-con-full e-flex e-con e-child\" data-id=\"8ca15da\" data-element_type=\"container\">\n\t\t\t\t<div class=\"elementor-element elementor-element-44bf743 elementor-widget elementor-widget-litho-heading\" data-id=\"44bf743\" data-element_type=\"widget\" data-widget_type=\"litho-heading.default\">\n\t\t\t\t<div class=\"elementor-widget-container\">\n\t\t\t\t\t<h2 class=\"litho-heading elementor-size-default\"><span class=\"litho-primary-title\">EXPANSI\u00d3N<\/span><\/h2>\t\t\t\t<\/div>\n\t\t\t\t<\/div>\n\t\t\t\t<div class=\"elementor-element elementor-element-6851add elementor-widget elementor-widget-text-editor\" data-id=\"6851add\" data-element_type=\"widget\" data-widget_type=\"text-editor.default\">\n\t\t\t\t<div class=\"elementor-widget-container\">\n\t\t\t\t\t\t\t\t\t<p>En 1995 abrimos nuestra segunda tienda en la calle Sant Josep, en el centro hist\u00f3rico de Matar\u00f3, consolidando nuestra presencia en la ciudad y expandiendo nuestra presencia en la moda multimarca.<\/p>\t\t\t\t\t\t\t\t<\/div>\n\t\t\t\t<\/div>\n\t\t\t\t<div class=\"elementor-element elementor-element-e5f8230 elementor-widget elementor-widget-text-editor\" data-id=\"e5f8230\" data-element_type=\"widget\" data-widget_type=\"text-editor.default\">\n\t\t\t\t<div class=\"elementor-widget-container\">\n\t\t\t\t\t\t\t\t\t<p>Desde entonces, California Jeans ha mantenido su actividad con un crecimiento constante, adaptando cada tienda a las necesidades del cliente y ofreciendo una selecci\u00f3n de las mejores marcas del momento.<\/p>\t\t\t\t\t\t\t\t<\/div>\n\t\t\t\t<\/div>\n\t\t\t\t<div class=\"elementor-element elementor-element-8d9e372 elementor-hidden-desktop elementor-widget elementor-widget-image\" data-id=\"8d9e372\" data-element_type=\"widget\" data-widget_type=\"image.default\">\n\t\t\t\t<div class=\"elementor-widget-container\">\n\t\t\t\t\t\t\t\t\t\t\t\t\t\t\t<img decoding=\"async\" width=\"768\" height=\"704\" src=\"https:\/\/californiajeans.es\/wp-content\/uploads\/2026\/01\/nosotros_03.jpg\" class=\"attachment-full size-full wp-image-76763\" alt=\"\" srcset=\"https:\/\/californiajeans.es\/wp-content\/uploads\/2026\/01\/nosotros_03.jpg 768w, https:\/\/californiajeans.es\/wp-content\/uploads\/2026\/01\/nosotros_03-300x275.jpg 300w, https:\/\/californiajeans.es\/wp-content\/uploads\/2026\/01\/nosotros_03-200x183.jpg 200w\" sizes=\"(max-width: 768px) 100vw, 768px\" \/>\t\t\t\t\t\t\t\t\t\t\t\t\t\t\t<\/div>\n\t\t\t\t<\/div>\n\t\t\t\t<\/div>\n\t\t<div class=\"elementor-element elementor-element-3a600dc e-con-full elementor-hidden-tablet elementor-hidden-mobile e-flex e-con e-child\" data-id=\"3a600dc\" data-element_type=\"container\" data-settings=\"{&quot;position&quot;:&quot;absolute&quot;}\">\n\t\t\t\t<div class=\"elementor-element elementor-element-de2fba6 elementor-widget elementor-widget-image\" data-id=\"de2fba6\" data-element_type=\"widget\" data-widget_type=\"image.default\">\n\t\t\t\t<div class=\"elementor-widget-container\">\n\t\t\t\t\t\t\t\t\t\t\t\t\t\t\t<img decoding=\"async\" width=\"768\" height=\"704\" src=\"https:\/\/californiajeans.es\/wp-content\/uploads\/2026\/01\/nosotros_03.jpg\" class=\"attachment-full size-full wp-image-76763\" alt=\"\" srcset=\"https:\/\/californiajeans.es\/wp-content\/uploads\/2026\/01\/nosotros_03.jpg 768w, https:\/\/californiajeans.es\/wp-content\/uploads\/2026\/01\/nosotros_03-300x275.jpg 300w, https:\/\/californiajeans.es\/wp-content\/uploads\/2026\/01\/nosotros_03-200x183.jpg 200w\" sizes=\"(max-width: 768px) 100vw, 768px\" \/>\t\t\t\t\t\t\t\t\t\t\t\t\t\t\t<\/div>\n\t\t\t\t<\/div>\n\t\t\t\t<\/div>\n\t\t<div class=\"elementor-element elementor-element-1717132 e-con-full e-flex e-con e-child\" data-id=\"1717132\" data-element_type=\"container\">\n\t\t\t\t<div class=\"elementor-element elementor-element-7eb6502 elementor-widget elementor-widget-image\" data-id=\"7eb6502\" data-element_type=\"widget\" data-widget_type=\"image.default\">\n\t\t\t\t<div class=\"elementor-widget-container\">\n\t\t\t\t\t\t\t\t\t\t\t\t\t\t\t<img loading=\"lazy\" decoding=\"async\" width=\"2000\" height=\"1002\" src=\"https:\/\/californiajeans.es\/wp-content\/uploads\/2026\/01\/nosotros_04.jpg\" class=\"attachment-full size-full wp-image-76767\" alt=\"\" srcset=\"https:\/\/californiajeans.es\/wp-content\/uploads\/2026\/01\/nosotros_04.jpg 2000w, https:\/\/californiajeans.es\/wp-content\/uploads\/2026\/01\/nosotros_04-300x150.jpg 300w, https:\/\/californiajeans.es\/wp-content\/uploads\/2026\/01\/nosotros_04-1024x513.jpg 1024w, https:\/\/californiajeans.es\/wp-content\/uploads\/2026\/01\/nosotros_04-768x385.jpg 768w, https:\/\/californiajeans.es\/wp-content\/uploads\/2026\/01\/nosotros_04-1536x770.jpg 1536w, https:\/\/californiajeans.es\/wp-content\/uploads\/2026\/01\/nosotros_04-200x100.jpg 200w, https:\/\/californiajeans.es\/wp-content\/uploads\/2026\/01\/nosotros_04-1568x786.jpg 1568w\" sizes=\"(max-width: 2000px) 100vw, 2000px\" \/>\t\t\t\t\t\t\t\t\t\t\t\t\t\t\t<\/div>\n\t\t\t\t<\/div>\n\t\t\t\t<\/div>\n\t\t\t\t<\/div>\n\t\t<div class=\"elementor-element elementor-element-38ff7ec e-con-full e-flex e-con e-parent\" data-id=\"38ff7ec\" data-element_type=\"container\" data-settings=\"{&quot;background_background&quot;:&quot;classic&quot;}\">\n\t\t<div class=\"elementor-element elementor-element-81d5c2a e-con-full e-flex e-con e-child\" data-id=\"81d5c2a\" data-element_type=\"container\">\n\t\t\t\t<div class=\"elementor-element elementor-element-2af539c elementor-widget elementor-widget-litho-heading\" data-id=\"2af539c\" data-element_type=\"widget\" data-widget_type=\"litho-heading.default\">\n\t\t\t\t<div class=\"elementor-widget-container\">\n\t\t\t\t\t<h2 class=\"litho-heading elementor-size-default\"><span class=\"litho-primary-title\">NUESTRA MISI\u00d3N<\/span><\/h2>\t\t\t\t<\/div>\n\t\t\t\t<\/div>\n\t\t\t\t<div class=\"elementor-element elementor-element-8ca1bfe elementor-widget elementor-widget-text-editor\" data-id=\"8ca1bfe\" data-element_type=\"widget\" data-widget_type=\"text-editor.default\">\n\t\t\t\t<div class=\"elementor-widget-container\">\n\t\t\t\t\t\t\t\t\t<p>Desde nuestros inicios, California Jeans ha buscado establecer est\u00e1ndares de calidad y profesionalidad en el sector del retail de moda multimarca. Cada tienda refleja nuestro compromiso con la selecci\u00f3n de marcas de primer nivel y la creaci\u00f3n de espacios cuidadosamente dise\u00f1ados para ofrecer una experiencia de compra clara, funcional y elegante.\u00a0<\/p>\t\t\t\t\t\t\t\t<\/div>\n\t\t\t\t<\/div>\n\t\t\t\t<div class=\"elementor-element elementor-element-19e0ee6 elementor-widget elementor-widget-text-editor\" data-id=\"19e0ee6\" data-element_type=\"widget\" data-widget_type=\"text-editor.default\">\n\t\t\t\t<div class=\"elementor-widget-container\">\n\t\t\t\t\t\t\t\t\t<p>Nuestra gesti\u00f3n combina tradici\u00f3n familiar y visi\u00f3n estrat\u00e9gica, lo que nos permite adaptarnos a las necesidades de un mercado global en constante cambio, manteniendo siempre coherencia y rigor en cada decisi\u00f3n.<\/p>\t\t\t\t\t\t\t\t<\/div>\n\t\t\t\t<\/div>\n\t\t\t\t<\/div>\n\t\t<div class=\"elementor-element elementor-element-b94d1b3 e-con-full e-flex e-con e-child\" data-id=\"b94d1b3\" data-element_type=\"container\">\n\t\t\t\t<div class=\"elementor-element elementor-element-619636a elementor-widget elementor-widget-image\" data-id=\"619636a\" data-element_type=\"widget\" data-widget_type=\"image.default\">\n\t\t\t\t<div class=\"elementor-widget-container\">\n\t\t\t\t\t\t\t\t\t\t\t\t\t\t\t<img loading=\"lazy\" decoding=\"async\" width=\"2000\" height=\"1000\" src=\"https:\/\/californiajeans.es\/wp-content\/uploads\/2026\/01\/nosotors_05.jpg\" class=\"attachment-full size-full wp-image-76771\" alt=\"\" srcset=\"https:\/\/californiajeans.es\/wp-content\/uploads\/2026\/01\/nosotors_05.jpg 2000w, https:\/\/californiajeans.es\/wp-content\/uploads\/2026\/01\/nosotors_05-300x150.jpg 300w, https:\/\/californiajeans.es\/wp-content\/uploads\/2026\/01\/nosotors_05-1024x512.jpg 1024w, https:\/\/californiajeans.es\/wp-content\/uploads\/2026\/01\/nosotors_05-768x384.jpg 768w, https:\/\/californiajeans.es\/wp-content\/uploads\/2026\/01\/nosotors_05-1536x768.jpg 1536w, https:\/\/californiajeans.es\/wp-content\/uploads\/2026\/01\/nosotors_05-200x100.jpg 200w, https:\/\/californiajeans.es\/wp-content\/uploads\/2026\/01\/nosotors_05-1568x784.jpg 1568w\" sizes=\"(max-width: 2000px) 100vw, 2000px\" \/>\t\t\t\t\t\t\t\t\t\t\t\t\t\t\t<\/div>\n\t\t\t\t<\/div>\n\t\t\t\t<\/div>\n\t\t\t\t<\/div>\n\t\t\t\t<\/div>\n\t\t","protected":false},"excerpt":{"rendered":"<p>Sobre NosotrosTrayectoria y estilo desde 1993 California Jeans se funda en 1993 con la apertura de nuestra primera tienda en la calle Sant Cugat Matar\u00f3. Este primer paso represent\u00f3 la consolidaci\u00f3n de nuestra trayectoria en el sector, apoyada en la experiencia adquirida en a\u00f1os anteriores con una propuesta renovada y un enfoque diferencial. EXPANSI\u00d3N En [&hellip;]<\/p>\n","protected":false},"author":1,"featured_media":0,"parent":0,"menu_order":9,"comment_status":"closed","ping_status":"closed","template":"","meta":{"footnotes":""},"class_list":["post-87","page","type-page","status-publish","hentry"],"yoast_head":"<!-- This site is optimized with the Yoast SEO Premium plugin v22.8 (Yoast SEO v26.9) - https:\/\/yoast.com\/product\/yoast-seo-premium-wordpress\/ -->\n<title>Nosotros - California Jeans<\/title>\n<meta name=\"robots\" content=\"index, follow, max-snippet:-1, max-image-preview:large, max-video-preview:-1\" \/>\n<link rel=\"canonical\" href=\"https:\/\/californiajeans.es\/es\/nosotros\/\" \/>\n<meta property=\"og:locale\" content=\"es_ES\" \/>\n<meta property=\"og:type\" content=\"article\" \/>\n<meta property=\"og:title\" content=\"Nosotros\" \/>\n<meta property=\"og:description\" content=\"Sobre NosotrosTrayectoria y estilo desde 1993 California Jeans se funda en 1993 con la apertura de nuestra primera tienda en la calle Sant Cugat Matar\u00f3. Este primer paso represent\u00f3 la consolidaci\u00f3n de nuestra trayectoria en el sector, apoyada en la experiencia adquirida en a\u00f1os anteriores con una propuesta renovada y un enfoque diferencial. EXPANSI\u00d3N En [&hellip;]\" \/>\n<meta property=\"og:url\" content=\"https:\/\/californiajeans.es\/es\/nosotros\/\" \/>\n<meta property=\"og:site_name\" content=\"California Jeans\" \/>\n<meta property=\"article:publisher\" content=\"https:\/\/www.facebook.com\/profile.php?id=61558149207096\" \/>\n<meta property=\"article:modified_time\" content=\"2026-02-02T10:25:06+00:00\" \/>\n<meta property=\"og:image\" content=\"https:\/\/californiajeans.es\/wp-content\/uploads\/2026\/01\/nosotros_01.jpg\" \/>\n\t<meta property=\"og:image:width\" content=\"768\" \/>\n\t<meta property=\"og:image:height\" content=\"831\" \/>\n\t<meta property=\"og:image:type\" content=\"image\/jpeg\" \/>\n<meta name=\"twitter:card\" content=\"summary_large_image\" \/>\n<script type=\"application\/ld+json\" class=\"yoast-schema-graph\">{\"@context\":\"https:\/\/schema.org\",\"@graph\":[{\"@type\":\"WebPage\",\"@id\":\"https:\/\/californiajeans.es\/es\/nosotros\/\",\"url\":\"https:\/\/californiajeans.es\/es\/nosotros\/\",\"name\":\"Nosotros - California Jeans\",\"isPartOf\":{\"@id\":\"https:\/\/californiajeans.es\/es\/#website\"},\"primaryImageOfPage\":{\"@id\":\"https:\/\/californiajeans.es\/es\/nosotros\/#primaryimage\"},\"image\":{\"@id\":\"https:\/\/californiajeans.es\/es\/nosotros\/#primaryimage\"},\"thumbnailUrl\":\"https:\/\/californiajeans.es\/wp-content\/uploads\/2026\/01\/nosotros_01.jpg\",\"datePublished\":\"2020-02-06T09:06:18+00:00\",\"dateModified\":\"2026-02-02T10:25:06+00:00\",\"breadcrumb\":{\"@id\":\"https:\/\/californiajeans.es\/es\/nosotros\/#breadcrumb\"},\"inLanguage\":\"es\",\"potentialAction\":[{\"@type\":\"ReadAction\",\"target\":[\"https:\/\/californiajeans.es\/es\/nosotros\/\"]}]},{\"@type\":\"ImageObject\",\"inLanguage\":\"es\",\"@id\":\"https:\/\/californiajeans.es\/es\/nosotros\/#primaryimage\",\"url\":\"https:\/\/californiajeans.es\/wp-content\/uploads\/2026\/01\/nosotros_01.jpg\",\"contentUrl\":\"https:\/\/californiajeans.es\/wp-content\/uploads\/2026\/01\/nosotros_01.jpg\"},{\"@type\":\"BreadcrumbList\",\"@id\":\"https:\/\/californiajeans.es\/es\/nosotros\/#breadcrumb\",\"itemListElement\":[{\"@type\":\"ListItem\",\"position\":1,\"name\":\"Portada\",\"item\":\"https:\/\/californiajeans.es\/es\/\"},{\"@type\":\"ListItem\",\"position\":2,\"name\":\"Nosotros\"}]},{\"@type\":\"WebSite\",\"@id\":\"https:\/\/californiajeans.es\/es\/#website\",\"url\":\"https:\/\/californiajeans.es\/es\/\",\"name\":\"California Jeans\",\"description\":\"Ropa casual y elegante en Matar\u00f3\",\"publisher\":{\"@id\":\"https:\/\/californiajeans.es\/es\/#organization\"},\"alternateName\":\"California Jeans\",\"potentialAction\":[{\"@type\":\"SearchAction\",\"target\":{\"@type\":\"EntryPoint\",\"urlTemplate\":\"https:\/\/californiajeans.es\/es\/?s={search_term_string}\"},\"query-input\":{\"@type\":\"PropertyValueSpecification\",\"valueRequired\":true,\"valueName\":\"search_term_string\"}}],\"inLanguage\":\"es\"},{\"@type\":\"Organization\",\"@id\":\"https:\/\/californiajeans.es\/es\/#organization\",\"name\":\"California Jeans\",\"alternateName\":\"California Jeans\",\"url\":\"https:\/\/californiajeans.es\/es\/\",\"logo\":{\"@type\":\"ImageObject\",\"inLanguage\":\"es\",\"@id\":\"https:\/\/californiajeans.es\/es\/#\/schema\/logo\/image\/\",\"url\":\"https:\/\/californiajeans.es\/wp-content\/uploads\/2020\/07\/logo_retina.png\",\"contentUrl\":\"https:\/\/californiajeans.es\/wp-content\/uploads\/2020\/07\/logo_retina.png\",\"width\":220,\"height\":120,\"caption\":\"California Jeans\"},\"image\":{\"@id\":\"https:\/\/californiajeans.es\/es\/#\/schema\/logo\/image\/\"},\"sameAs\":[\"https:\/\/www.facebook.com\/profile.php?id=61558149207096\",\"https:\/\/www.instagram.com\/californiajeanss\"],\"publishingPrinciples\":\"https:\/\/californiajeans.es\/politica-de-privacitat\/\"}]}<\/script>\n<!-- \/ Yoast SEO Premium plugin. -->","yoast_head_json":{"title":"Nosotros - California Jeans","robots":{"index":"index","follow":"follow","max-snippet":"max-snippet:-1","max-image-preview":"max-image-preview:large","max-video-preview":"max-video-preview:-1"},"canonical":"https:\/\/californiajeans.es\/es\/nosotros\/","og_locale":"es_ES","og_type":"article","og_title":"Nosotros","og_description":"Sobre NosotrosTrayectoria y estilo desde 1993 California Jeans se funda en 1993 con la apertura de nuestra primera tienda en la calle Sant Cugat Matar\u00f3. Este primer paso represent\u00f3 la consolidaci\u00f3n de nuestra trayectoria en el sector, apoyada en la experiencia adquirida en a\u00f1os anteriores con una propuesta renovada y un enfoque diferencial. EXPANSI\u00d3N En [&hellip;]","og_url":"https:\/\/californiajeans.es\/es\/nosotros\/","og_site_name":"California Jeans","article_publisher":"https:\/\/www.facebook.com\/profile.php?id=61558149207096","article_modified_time":"2026-02-02T10:25:06+00:00","og_image":[{"width":768,"height":831,"url":"https:\/\/californiajeans.es\/wp-content\/uploads\/2026\/01\/nosotros_01.jpg","type":"image\/jpeg"}],"twitter_card":"summary_large_image","schema":{"@context":"https:\/\/schema.org","@graph":[{"@type":"WebPage","@id":"https:\/\/californiajeans.es\/es\/nosotros\/","url":"https:\/\/californiajeans.es\/es\/nosotros\/","name":"Nosotros - California Jeans","isPartOf":{"@id":"https:\/\/californiajeans.es\/es\/#website"},"primaryImageOfPage":{"@id":"https:\/\/californiajeans.es\/es\/nosotros\/#primaryimage"},"image":{"@id":"https:\/\/californiajeans.es\/es\/nosotros\/#primaryimage"},"thumbnailUrl":"https:\/\/californiajeans.es\/wp-content\/uploads\/2026\/01\/nosotros_01.jpg","datePublished":"2020-02-06T09:06:18+00:00","dateModified":"2026-02-02T10:25:06+00:00","breadcrumb":{"@id":"https:\/\/californiajeans.es\/es\/nosotros\/#breadcrumb"},"inLanguage":"es","potentialAction":[{"@type":"ReadAction","target":["https:\/\/californiajeans.es\/es\/nosotros\/"]}]},{"@type":"ImageObject","inLanguage":"es","@id":"https:\/\/californiajeans.es\/es\/nosotros\/#primaryimage","url":"https:\/\/californiajeans.es\/wp-content\/uploads\/2026\/01\/nosotros_01.jpg","contentUrl":"https:\/\/californiajeans.es\/wp-content\/uploads\/2026\/01\/nosotros_01.jpg"},{"@type":"BreadcrumbList","@id":"https:\/\/californiajeans.es\/es\/nosotros\/#breadcrumb","itemListElement":[{"@type":"ListItem","position":1,"name":"Portada","item":"https:\/\/californiajeans.es\/es\/"},{"@type":"ListItem","position":2,"name":"Nosotros"}]},{"@type":"WebSite","@id":"https:\/\/californiajeans.es\/es\/#website","url":"https:\/\/californiajeans.es\/es\/","name":"California Jeans","description":"Ropa casual y elegante en Matar\u00f3","publisher":{"@id":"https:\/\/californiajeans.es\/es\/#organization"},"alternateName":"California Jeans","potentialAction":[{"@type":"SearchAction","target":{"@type":"EntryPoint","urlTemplate":"https:\/\/californiajeans.es\/es\/?s={search_term_string}"},"query-input":{"@type":"PropertyValueSpecification","valueRequired":true,"valueName":"search_term_string"}}],"inLanguage":"es"},{"@type":"Organization","@id":"https:\/\/californiajeans.es\/es\/#organization","name":"California Jeans","alternateName":"California Jeans","url":"https:\/\/californiajeans.es\/es\/","logo":{"@type":"ImageObject","inLanguage":"es","@id":"https:\/\/californiajeans.es\/es\/#\/schema\/logo\/image\/","url":"https:\/\/californiajeans.es\/wp-content\/uploads\/2020\/07\/logo_retina.png","contentUrl":"https:\/\/californiajeans.es\/wp-content\/uploads\/2020\/07\/logo_retina.png","width":220,"height":120,"caption":"California Jeans"},"image":{"@id":"https:\/\/californiajeans.es\/es\/#\/schema\/logo\/image\/"},"sameAs":["https:\/\/www.facebook.com\/profile.php?id=61558149207096","https:\/\/www.instagram.com\/californiajeanss"],"publishingPrinciples":"https:\/\/californiajeans.es\/politica-de-privacitat\/"}]}},"_links":{"self":[{"href":"https:\/\/californiajeans.es\/es\/wp-json\/wp\/v2\/pages\/87","targetHints":{"allow":["GET"]}}],"collection":[{"href":"https:\/\/californiajeans.es\/es\/wp-json\/wp\/v2\/pages"}],"about":[{"href":"https:\/\/californiajeans.es\/es\/wp-json\/wp\/v2\/types\/page"}],"author":[{"embeddable":true,"href":"https:\/\/californiajeans.es\/es\/wp-json\/wp\/v2\/users\/1"}],"replies":[{"embeddable":true,"href":"https:\/\/californiajeans.es\/es\/wp-json\/wp\/v2\/comments?post=87"}],"version-history":[{"count":154,"href":"https:\/\/californiajeans.es\/es\/wp-json\/wp\/v2\/pages\/87\/revisions"}],"predecessor-version":[{"id":76988,"href":"https:\/\/californiajeans.es\/es\/wp-json\/wp\/v2\/pages\/87\/revisions\/76988"}],"wp:attachment":[{"href":"https:\/\/californiajeans.es\/es\/wp-json\/wp\/v2\/media?parent=87"}],"curies":[{"name":"wp","href":"https:\/\/api.w.org\/{rel}","templated":true}]}}